{"id":6699,"date":"2021-11-04T10:08:05","date_gmt":"2021-11-04T08:08:05","guid":{"rendered":"https:\/\/www.lascenseur.fr\/?page_id=6699"},"modified":"2021-11-04T10:08:05","modified_gmt":"2021-11-04T08:08:05","slug":"savoir-faire","status":"publish","type":"page","link":"http:\/\/www.lascenseur.fr\/?page_id=6699","title":{"rendered":"Savoir-faire"},"content":{"rendered":"<p><!--themify_builder_static--><\/p>\n<p style=\"text-align: left;\">La m\u00e9thodologie de travail de L\u2019Ascenseur s\u2019appuie sur la personnalisation de ses solutions. Une immersion au c\u0153ur de votre entreprise nous permet d\u2019appr\u00e9hender vos besoins et d\u2019aller au del\u00e0 de votre demande.<\/p>\n<p>Notre bureau d\u2019\u00e9tude r\u00e9alise les prototypes en fonction de votre cahier des charges. Nos ateliers confectionnent vos tenues dans le respect de la qualit\u00e9 et des d\u00e9lais. Si vous optez pour une solution globale, nous pouvons mettre en place un partenariat citoyen et innovant avec des blanchisseries class\u00e9es \u00ab Ateliers Prot\u00e9g\u00e9s \u00bb.<\/p>\n<h3>\u201cNOS ATELIERS CONFECTIONNENT VOS TENUES DANS LE RESPECT DE LA QUALIT\u00c9 ET DES D\u00c9LAIS\u201d<\/h3>\n<h1>Un v\u00eatement adapt\u00e9<br \/>\n\u00e0 vos besoins, \u00e0 vos<br \/>\ncontraintes mais<br \/>\nsurtout \u00e0 votre s\u00e9curit\u00e9.<\/h1>\n<p>L\u2019ASCENSEUR Confection d\u00e9veloppe et fa\u00e7onne le v\u00eatement de travail \u00e0 votre image.\u00a0<strong>Un v\u00eatement \u00e9tudi\u00e9\u00a0\u00e0 vos besoins, \u00e0 vos contraintes<\/strong>\u00a0et\u00a0surtout\u00a0<strong>\u00e0 votre s\u00e9curit\u00e9.<\/strong><\/p>\n<p>Notre \u00e9quipe commerciale se charge d<strong>\u2019analyser vos postures et votre environnement<\/strong>\u00a0de travail afin de\u00a0vous proposer\u00a0<strong>un v\u00eatement unique<\/strong>\u00a0adapt\u00e9 \u00e0 votre m\u00e9tier et \u00e0 votre morphologie.<\/p>\n<p><strong>Ma\u00eetrisant totalement la\u00a0confection<\/strong>\u00a0de votre v\u00eatement, nous int\u00e9grons<strong>\u00a0vos souhaits et exigences\u00a0m\u00e9tier<\/strong>\u00a0tout en recherchant\u00a0le meilleur compromis entre\u00a0<strong>ergonomie, s\u00e9curit\u00e9 et confort<\/strong>.<\/p>\n<p>L\u2019ASCENSEUR Confection vous offre une solution globale pour l\u2019ensemble de vos \u00e9quipes en r\u00e9alisant des\u00a0<strong>v\u00eatements pour hommes et femmes de toutes tailles et morphologies.<\/strong><\/p>\n<p style=\"text-align: center;\">ESPACES<\/p>\n<p><a href=\"https:\/\/www.lascenseur.fr\/pro_securite\/\" rel=\"attachment wp-att-1035\"><img loading=\"lazy\" decoding=\"async\" loading=\"lazy\" src=\"http:\/\/www.lascenseur.fr\/wp-content\/uploads\/2019\/09\/Pro_Securite.svg\" alt=\"\" width=\"139\" height=\"139\" \/><\/a><\/p>\n<p style=\"text-align: center;\">MEDICAL<\/p>\n<p><a href=\"https:\/\/www.lascenseur.fr\/pro_medical\/\" rel=\"attachment wp-att-1033\"><img decoding=\"async\" src=\"http:\/\/www.lascenseur.fr\/wp-content\/uploads\/2019\/09\/Pro_Medical.svg\" alt=\"\" \/><\/a><\/p>\n<p style=\"text-align: center;\">BTP<\/p>\n<p><a href=\"https:\/\/www.lascenseur.fr\/pro_btp\/\" rel=\"attachment wp-att-1029\"><img decoding=\"async\" src=\"http:\/\/www.lascenseur.fr\/wp-content\/uploads\/2019\/09\/Pro_BTP.svg\" alt=\"\" \/><\/a><\/p>\n<p style=\"text-align: center;\">INDUSTRIE<\/p>\n<p><a href=\"https:\/\/www.lascenseur.fr\/pro_industrie\/\" rel=\"attachment wp-att-1032\"><img decoding=\"async\" src=\"http:\/\/www.lascenseur.fr\/wp-content\/uploads\/2019\/09\/Pro_Industrie.svg\" alt=\"\" \/><\/a><\/p>\n<p><img fetchpriority=\"high\" decoding=\"async\" src=\"http:\/\/www.lascenseur.fr\/wp-content\/uploads\/2014\/12\/couvreur2.jpg\" width=\"290\" height=\"290\" title=\"COUVREUR\" alt=\"COUVREUR\"><\/p>\n<h3>\n COUVREUR<\/h3>\n<p><img decoding=\"async\" src=\"http:\/\/www.lascenseur.fr\/wp-content\/uploads\/2015\/01\/cariste2.jpg\" width=\"290\" height=\"290\" title=\"CARISTE - CONDUCTEUR D&#039;ENGINS\" alt=\"CARISTE - CONDUCTEUR D&#039;ENGINS\"><\/p>\n<h3>\n CARISTE &#8211; CONDUCTEUR D&rsquo;ENGINS<\/h3>\n<p><img decoding=\"async\" src=\"http:\/\/www.lascenseur.fr\/wp-content\/uploads\/2014\/12\/ecole2.jpg\" width=\"290\" height=\"290\" title=\"ECOLE PROFESSIONNELLE\" alt=\"ECOLE PROFESSIONNELLE\"><\/p>\n<h3>\n ECOLE PROFESSIONNELLE<\/h3>\n<p><img loading=\"lazy\" decoding=\"async\" src=\"http:\/\/www.lascenseur.fr\/wp-content\/uploads\/2015\/01\/electricien2.jpg\" width=\"290\" height=\"290\" title=\"ELECTRICIEN\" alt=\"ELECTRICIEN\"><\/p>\n<h3>\n ELECTRICIEN<\/h3>\n<p><img loading=\"lazy\" decoding=\"async\" src=\"http:\/\/www.lascenseur.fr\/wp-content\/uploads\/2015\/01\/macon.jpg\" width=\"290\" height=\"290\" title=\"MA\u00c7ON\" alt=\"MA\u00c7ON\"><\/p>\n<h3>\n MA\u00c7ON<\/h3>\n<p><img loading=\"lazy\" decoding=\"async\" src=\"http:\/\/www.lascenseur.fr\/wp-content\/uploads\/2015\/01\/pompiers.jpg\" width=\"290\" height=\"290\" title=\"AMBULANCIER\" alt=\"AMBULANCIER\"><\/p>\n<h3>\n AMBULANCIER<\/h3>\n<p><img loading=\"lazy\" decoding=\"async\" src=\"http:\/\/www.lascenseur.fr\/wp-content\/uploads\/2015\/01\/espaces_verts.jpg\" width=\"290\" height=\"290\" title=\"ESPACES VERTS\" alt=\"ESPACES VERTS\"><\/p>\n<h3>\n ESPACES VERTS<\/h3>\n<p><img loading=\"lazy\" decoding=\"async\" src=\"http:\/\/www.lascenseur.fr\/wp-content\/uploads\/2015\/01\/fondeur.jpg\" width=\"290\" height=\"290\" title=\"FONDEUR\" alt=\"FONDEUR\"><\/p>\n<h3>\n FONDEUR<\/h3>\n<p><!--\/themify_builder_static--><\/p>\n","protected":false},"excerpt":{"rendered":"<p>La m\u00e9thodologie de travail de L\u2019Ascenseur s\u2019appuie sur la personnalisation de ses solutions. Une immersion au c\u0153ur de votre entreprise nous permet d\u2019appr\u00e9hender vos besoins et d\u2019aller au del\u00e0 de votre demande. Notre bureau d\u2019\u00e9tude r\u00e9alise les prototypes en fonction de votre cahier des charges. Nos ateliers confectionnent vos tenues dans le respect de la [&hellip;]<\/p>\n","protected":false},"author":1,"featured_media":0,"parent":0,"menu_order":0,"comment_status":"closed","ping_status":"closed","template":"","meta":{"_acf_changed":false,"footnotes":""},"class_list":["post-6699","page","type-page","status-publish","hentry"],"acf":[],"yoast_head":"<!-- This site is optimized with the Yoast SEO plugin v23.7 - https:\/\/yoast.com\/wordpress\/plugins\/seo\/ -->\n<title>Savoir-faire - Ascenseur<\/title>\n<meta name=\"description\" content=\"Notre savoir faire est \u00e0 votre disposition depuis pr\u00e8s de 100 ans. Dans le Nord de la France, nos ateliers confectionnent des v\u00eatements \u00ab Made in France \u00bb et vous proposent de nombreux services sur mesure : S\u00e9rigraphie, broderie, prise de taille\" \/>\n<meta name=\"robots\" content=\"index, follow, max-snippet:-1, max-image-preview:large, max-video-preview:-1\" \/>\n<link rel=\"canonical\" href=\"https:\/\/www.lascenseur.fr\/?page_id=6699\" \/>\n<meta property=\"og:locale\" content=\"fr_FR\" \/>\n<meta property=\"og:type\" content=\"article\" \/>\n<meta property=\"og:title\" content=\"Savoir-faire - Ascenseur\" \/>\n<meta property=\"og:description\" content=\"Notre savoir faire est \u00e0 votre disposition depuis pr\u00e8s de 100 ans. Dans le Nord de la France, nos ateliers confectionnent des v\u00eatements \u00ab Made in France \u00bb et vous proposent de nombreux services sur mesure : S\u00e9rigraphie, broderie, prise de taille\" \/>\n<meta property=\"og:url\" content=\"https:\/\/www.lascenseur.fr\/?page_id=6699\" \/>\n<meta property=\"og:site_name\" content=\"Ascenseur\" \/>\n<meta property=\"og:image\" content=\"http:\/\/www.lascenseur.fr\/wp-content\/uploads\/2019\/09\/Pro_Securite.svg\" \/>\n<meta name=\"twitter:card\" content=\"summary_large_image\" \/>\n<meta name=\"twitter:label1\" content=\"Dur\u00e9e de lecture estim\u00e9e\" \/>\n\t<meta name=\"twitter:data1\" content=\"1 minute\" \/>\n<script type=\"application\/ld+json\" class=\"yoast-schema-graph\">{\"@context\":\"https:\/\/schema.org\",\"@graph\":[{\"@type\":\"WebPage\",\"@id\":\"https:\/\/www.lascenseur.fr\/?page_id=6699\",\"url\":\"https:\/\/www.lascenseur.fr\/?page_id=6699\",\"name\":\"Savoir-faire - Ascenseur\",\"isPartOf\":{\"@id\":\"https:\/\/www.lascenseur.fr\/#website\"},\"primaryImageOfPage\":{\"@id\":\"https:\/\/www.lascenseur.fr\/?page_id=6699#primaryimage\"},\"image\":{\"@id\":\"https:\/\/www.lascenseur.fr\/?page_id=6699#primaryimage\"},\"thumbnailUrl\":\"http:\/\/www.lascenseur.fr\/wp-content\/uploads\/2019\/09\/Pro_Securite.svg\",\"datePublished\":\"2021-11-04T08:08:05+00:00\",\"dateModified\":\"2021-11-04T08:08:05+00:00\",\"description\":\"Notre savoir faire est \u00e0 votre disposition depuis pr\u00e8s de 100 ans. Dans le Nord de la France, nos ateliers confectionnent des v\u00eatements \u00ab Made in France \u00bb et vous proposent de nombreux services sur mesure : S\u00e9rigraphie, broderie, prise de taille\",\"breadcrumb\":{\"@id\":\"https:\/\/www.lascenseur.fr\/?page_id=6699#breadcrumb\"},\"inLanguage\":\"fr-FR\",\"potentialAction\":[{\"@type\":\"ReadAction\",\"target\":[\"https:\/\/www.lascenseur.fr\/?page_id=6699\"]}]},{\"@type\":\"ImageObject\",\"inLanguage\":\"fr-FR\",\"@id\":\"https:\/\/www.lascenseur.fr\/?page_id=6699#primaryimage\",\"url\":\"http:\/\/www.lascenseur.fr\/wp-content\/uploads\/2019\/09\/Pro_Securite.svg\",\"contentUrl\":\"http:\/\/www.lascenseur.fr\/wp-content\/uploads\/2019\/09\/Pro_Securite.svg\"},{\"@type\":\"BreadcrumbList\",\"@id\":\"https:\/\/www.lascenseur.fr\/?page_id=6699#breadcrumb\",\"itemListElement\":[{\"@type\":\"ListItem\",\"position\":1,\"name\":\"Accueil\",\"item\":\"https:\/\/www.lascenseur.fr\/\"},{\"@type\":\"ListItem\",\"position\":2,\"name\":\"Savoir-faire\"}]},{\"@type\":\"WebSite\",\"@id\":\"https:\/\/www.lascenseur.fr\/#website\",\"url\":\"https:\/\/www.lascenseur.fr\/\",\"name\":\"Ascenseur\",\"description\":\"\",\"publisher\":{\"@id\":\"https:\/\/www.lascenseur.fr\/#organization\"},\"potentialAction\":[{\"@type\":\"SearchAction\",\"target\":{\"@type\":\"EntryPoint\",\"urlTemplate\":\"https:\/\/www.lascenseur.fr\/?s={search_term_string}\"},\"query-input\":{\"@type\":\"PropertyValueSpecification\",\"valueRequired\":true,\"valueName\":\"search_term_string\"}}],\"inLanguage\":\"fr-FR\"},{\"@type\":\"Organization\",\"@id\":\"https:\/\/www.lascenseur.fr\/#organization\",\"name\":\"Ascenseur\",\"url\":\"https:\/\/www.lascenseur.fr\/\",\"logo\":{\"@type\":\"ImageObject\",\"inLanguage\":\"fr-FR\",\"@id\":\"https:\/\/www.lascenseur.fr\/#\/schema\/logo\/image\/\",\"url\":\"http:\/\/www.lascenseur.fr\/wp-content\/uploads\/2021\/09\/cropped-cropped-cropped-Nouveau-logo-LAscenseur-Confection-1.png\",\"contentUrl\":\"http:\/\/www.lascenseur.fr\/wp-content\/uploads\/2021\/09\/cropped-cropped-cropped-Nouveau-logo-LAscenseur-Confection-1.png\",\"width\":1260,\"height\":411,\"caption\":\"Ascenseur\"},\"image\":{\"@id\":\"https:\/\/www.lascenseur.fr\/#\/schema\/logo\/image\/\"}}]}<\/script>\n<!-- \/ Yoast SEO plugin. -->","yoast_head_json":{"title":"Savoir-faire - Ascenseur","description":"Notre savoir faire est \u00e0 votre disposition depuis pr\u00e8s de 100 ans. Dans le Nord de la France, nos ateliers confectionnent des v\u00eatements \u00ab Made in France \u00bb et vous proposent de nombreux services sur mesure : S\u00e9rigraphie, broderie, prise de taille","robots":{"index":"index","follow":"follow","max-snippet":"max-snippet:-1","max-image-preview":"max-image-preview:large","max-video-preview":"max-video-preview:-1"},"canonical":"https:\/\/www.lascenseur.fr\/?page_id=6699","og_locale":"fr_FR","og_type":"article","og_title":"Savoir-faire - Ascenseur","og_description":"Notre savoir faire est \u00e0 votre disposition depuis pr\u00e8s de 100 ans. Dans le Nord de la France, nos ateliers confectionnent des v\u00eatements \u00ab Made in France \u00bb et vous proposent de nombreux services sur mesure : S\u00e9rigraphie, broderie, prise de taille","og_url":"https:\/\/www.lascenseur.fr\/?page_id=6699","og_site_name":"Ascenseur","og_image":[{"url":"http:\/\/www.lascenseur.fr\/wp-content\/uploads\/2019\/09\/Pro_Securite.svg"}],"twitter_card":"summary_large_image","twitter_misc":{"Dur\u00e9e de lecture estim\u00e9e":"1 minute"},"schema":{"@context":"https:\/\/schema.org","@graph":[{"@type":"WebPage","@id":"https:\/\/www.lascenseur.fr\/?page_id=6699","url":"https:\/\/www.lascenseur.fr\/?page_id=6699","name":"Savoir-faire - Ascenseur","isPartOf":{"@id":"https:\/\/www.lascenseur.fr\/#website"},"primaryImageOfPage":{"@id":"https:\/\/www.lascenseur.fr\/?page_id=6699#primaryimage"},"image":{"@id":"https:\/\/www.lascenseur.fr\/?page_id=6699#primaryimage"},"thumbnailUrl":"http:\/\/www.lascenseur.fr\/wp-content\/uploads\/2019\/09\/Pro_Securite.svg","datePublished":"2021-11-04T08:08:05+00:00","dateModified":"2021-11-04T08:08:05+00:00","description":"Notre savoir faire est \u00e0 votre disposition depuis pr\u00e8s de 100 ans. Dans le Nord de la France, nos ateliers confectionnent des v\u00eatements \u00ab Made in France \u00bb et vous proposent de nombreux services sur mesure : S\u00e9rigraphie, broderie, prise de taille","breadcrumb":{"@id":"https:\/\/www.lascenseur.fr\/?page_id=6699#breadcrumb"},"inLanguage":"fr-FR","potentialAction":[{"@type":"ReadAction","target":["https:\/\/www.lascenseur.fr\/?page_id=6699"]}]},{"@type":"ImageObject","inLanguage":"fr-FR","@id":"https:\/\/www.lascenseur.fr\/?page_id=6699#primaryimage","url":"http:\/\/www.lascenseur.fr\/wp-content\/uploads\/2019\/09\/Pro_Securite.svg","contentUrl":"http:\/\/www.lascenseur.fr\/wp-content\/uploads\/2019\/09\/Pro_Securite.svg"},{"@type":"BreadcrumbList","@id":"https:\/\/www.lascenseur.fr\/?page_id=6699#breadcrumb","itemListElement":[{"@type":"ListItem","position":1,"name":"Accueil","item":"https:\/\/www.lascenseur.fr\/"},{"@type":"ListItem","position":2,"name":"Savoir-faire"}]},{"@type":"WebSite","@id":"https:\/\/www.lascenseur.fr\/#website","url":"https:\/\/www.lascenseur.fr\/","name":"Ascenseur","description":"","publisher":{"@id":"https:\/\/www.lascenseur.fr\/#organization"},"potentialAction":[{"@type":"SearchAction","target":{"@type":"EntryPoint","urlTemplate":"https:\/\/www.lascenseur.fr\/?s={search_term_string}"},"query-input":{"@type":"PropertyValueSpecification","valueRequired":true,"valueName":"search_term_string"}}],"inLanguage":"fr-FR"},{"@type":"Organization","@id":"https:\/\/www.lascenseur.fr\/#organization","name":"Ascenseur","url":"https:\/\/www.lascenseur.fr\/","logo":{"@type":"ImageObject","inLanguage":"fr-FR","@id":"https:\/\/www.lascenseur.fr\/#\/schema\/logo\/image\/","url":"http:\/\/www.lascenseur.fr\/wp-content\/uploads\/2021\/09\/cropped-cropped-cropped-Nouveau-logo-LAscenseur-Confection-1.png","contentUrl":"http:\/\/www.lascenseur.fr\/wp-content\/uploads\/2021\/09\/cropped-cropped-cropped-Nouveau-logo-LAscenseur-Confection-1.png","width":1260,"height":411,"caption":"Ascenseur"},"image":{"@id":"https:\/\/www.lascenseur.fr\/#\/schema\/logo\/image\/"}}]}},"_links":{"self":[{"href":"http:\/\/www.lascenseur.fr\/index.php?rest_route=\/wp\/v2\/pages\/6699","targetHints":{"allow":["GET"]}}],"collection":[{"href":"http:\/\/www.lascenseur.fr\/index.php?rest_route=\/wp\/v2\/pages"}],"about":[{"href":"http:\/\/www.lascenseur.fr\/index.php?rest_route=\/wp\/v2\/types\/page"}],"author":[{"embeddable":true,"href":"http:\/\/www.lascenseur.fr\/index.php?rest_route=\/wp\/v2\/users\/1"}],"replies":[{"embeddable":true,"href":"http:\/\/www.lascenseur.fr\/index.php?rest_route=%2Fwp%2Fv2%2Fcomments&post=6699"}],"version-history":[{"count":0,"href":"http:\/\/www.lascenseur.fr\/index.php?rest_route=\/wp\/v2\/pages\/6699\/revisions"}],"wp:attachment":[{"href":"http:\/\/www.lascenseur.fr\/index.php?rest_route=%2Fwp%2Fv2%2Fmedia&parent=6699"}],"curies":[{"name":"wp","href":"https:\/\/api.w.org\/{rel}","templated":true}]}}